{"id":2575,"date":"2026-01-30T18:37:22","date_gmt":"2026-01-30T18:37:22","guid":{"rendered":"https:\/\/www.astrologicaltrade.com\/?page_id=2575"},"modified":"2026-04-07T18:39:29","modified_gmt":"2026-04-07T18:39:29","slug":"politique-en-matiere-de-cookies","status":"publish","type":"page","link":"https:\/\/www.astrologicaltrade.com\/fr\/politique-en-matiere-de-cookies\/","title":{"rendered":"Politique en mati\u00e8re de cookies"},"content":{"rendered":"<div data-elementor-type=\"wp-page\" data-elementor-id=\"2575\" class=\"elementor elementor-2575\" data-elementor-post-type=\"page\">\n\t\t\t\t<div class=\"elementor-element elementor-element-b09f67a e-flex e-con-boxed e-con e-parent\" data-id=\"b09f67a\" data-element_type=\"container\" data-e-type=\"container\" data-settings=\"{&quot;ekit_has_onepagescroll_dot&quot;:&quot;yes&quot;}\">\n\t\t\t\t\t<div class=\"e-con-inner\">\n\t\t\t\t<div class=\"elementor-element elementor-element-fda0f53 elementor-widget elementor-widget-text-editor\" data-id=\"fda0f53\" data-element_type=\"widget\" data-e-type=\"widget\" data-settings=\"{&quot;ekit_we_effect_on&quot;:&quot;none&quot;}\" data-widget_type=\"text-editor.default\">\n\t\t\t\t\t\t\t\t\t<h2 style=\"text-align: center;\" data-start=\"198\" data-end=\"214\">\u00a0<\/h2><h1><strong>Politique en mati\u00e8re de cookies<\/strong><\/h1><p data-start=\"216\" data-end=\"408\">La pr\u00e9sente politique en mati\u00e8re de cookies explique comment nous utilisons les cookies et autres technologies similaires sur notre site web. En continuant \u00e0 naviguer ou \u00e0 utiliser notre site web, vous acceptez l'utilisation des cookies telle qu'elle est d\u00e9crite dans la pr\u00e9sente politique.<\/p><hr data-start=\"410\" data-end=\"413\" \/><h3 data-start=\"415\" data-end=\"438\">1. Qu'est-ce qu'un cookie ?<\/h3><p data-start=\"439\" data-end=\"636\">Les cookies sont de petits fichiers texte qui sont stock\u00e9s sur votre appareil (ordinateur, smartphone ou tablette) lorsque vous visitez un site web. Les cookies permettent d'am\u00e9liorer les fonctionnalit\u00e9s du site web, les performances et l'exp\u00e9rience de l'utilisateur.<\/p><hr data-start=\"638\" data-end=\"641\" \/><h3 data-start=\"643\" data-end=\"673\">2. Types de cookies que nous utilisons<\/h3><p data-start=\"674\" data-end=\"716\">Nous pouvons utiliser les types de cookies suivants :<\/p><ul data-start=\"718\" data-end=\"1392\"><li data-start=\"718\" data-end=\"901\"><p data-start=\"720\" data-end=\"901\"><strong data-start=\"720\" data-end=\"741\">Biscuits essentiels<\/strong><br data-start=\"741\" data-end=\"744\" \/>Ces cookies sont n\u00e9cessaires au bon fonctionnement du site web. Ils permettent des fonctions essentielles telles que la s\u00e9curit\u00e9, la navigation sur les pages et l'acc\u00e8s aux zones prot\u00e9g\u00e9es.<\/p><\/li><li data-start=\"903\" data-end=\"1108\"><p data-start=\"905\" data-end=\"1108\"><strong data-start=\"905\" data-end=\"940\">Cookies de performance et d'analyse<\/strong><br data-start=\"940\" data-end=\"943\" \/>Ces cookies nous aident \u00e0 comprendre comment les visiteurs interagissent avec le site web en collectant des informations anonymes telles que les visites de pages, les sources de trafic et les sch\u00e9mas d'utilisation.<\/p><\/li><li data-start=\"1110\" data-end=\"1241\"><p data-start=\"1112\" data-end=\"1241\"><strong data-start=\"1112\" data-end=\"1134\">Cookies fonctionnels<\/strong><br data-start=\"1134\" data-end=\"1137\" \/>Ces cookies permettent au site web de se souvenir des pr\u00e9f\u00e9rences de l'utilisateur, telles que la langue choisie ou le statut de connexion.<\/p><\/li><li data-start=\"1243\" data-end=\"1392\"><p data-start=\"1245\" data-end=\"1392\"><strong data-start=\"1245\" data-end=\"1268\">Cookies de tiers<\/strong><br data-start=\"1268\" data-end=\"1271\" \/>Certains cookies peuvent \u00eatre plac\u00e9s par des services tiers tels que des fournisseurs d'analyses, des processeurs de paiement ou des plateformes partenaires.<\/p><\/li><\/ul><hr data-start=\"1394\" data-end=\"1397\" \/><h3 data-start=\"1399\" data-end=\"1424\">3. Finalit\u00e9 des cookies<\/h3><p data-start=\"1425\" data-end=\"1445\">Les cookies sont utilis\u00e9s pour :<\/p><ul data-start=\"1447\" data-end=\"1598\"><li data-start=\"1447\" data-end=\"1486\"><p data-start=\"1449\" data-end=\"1486\">Assurer le bon fonctionnement du site web<\/p><\/li><li data-start=\"1487\" data-end=\"1530\"><p data-start=\"1489\" data-end=\"1530\">Am\u00e9liorer l'exp\u00e9rience et les performances des utilisateurs<\/p><\/li><li data-start=\"1531\" data-end=\"1568\"><p data-start=\"1533\" data-end=\"1568\">Analyser le trafic et l'utilisation du site web<\/p><\/li><li data-start=\"1569\" data-end=\"1598\"><p data-start=\"1571\" data-end=\"1598\">M\u00e9moriser les pr\u00e9f\u00e9rences de l'utilisateur<\/p><\/li><\/ul><p data-start=\"1600\" data-end=\"1664\">Nous n'utilisons pas de cookies pour collecter des informations personnelles sensibles.<\/p><hr data-start=\"1666\" data-end=\"1669\" \/><h3 data-start=\"1671\" data-end=\"1704\">4. Liens d'affiliation et liens externes<\/h3><p data-start=\"1705\" data-end=\"1918\">Notre site web peut contenir des liens d'affiliation ou des liens vers des sites web externes, y compris des plateformes de courtage. Ces sites tiers peuvent utiliser leurs propres cookies, qui sont r\u00e9gis par leurs propres politiques en mati\u00e8re de cookies et de protection de la vie priv\u00e9e.<\/p><hr data-start=\"1920\" data-end=\"1923\" \/><h3 data-start=\"1925\" data-end=\"1948\">5. Gestion des cookies<\/h3><p data-start=\"1949\" data-end=\"2143\">Vous pouvez g\u00e9rer ou d\u00e9sactiver les cookies \u00e0 tout moment par le biais des param\u00e8tres de votre navigateur.<br data-start=\"2025\" data-end=\"2028\" \/>Veuillez noter que la d\u00e9sactivation des cookies peut affecter la fonctionnalit\u00e9 et les performances de certaines fonctions du site web.<\/p><hr data-start=\"2145\" data-end=\"2148\" \/><h3 data-start=\"2150\" data-end=\"2164\">6. Consentement<\/h3><p data-start=\"2165\" data-end=\"2259\">En utilisant notre site web, vous consentez \u00e0 l'utilisation de cookies conform\u00e9ment \u00e0 la pr\u00e9sente politique en mati\u00e8re de cookies.<\/p><p data-start=\"2261\" data-end=\"2368\">Si la loi l'exige, il peut vous \u00eatre demand\u00e9 de donner votre consentement explicite par le biais d'une banni\u00e8re de cookies ou d'un panneau de configuration.<\/p><hr data-start=\"2370\" data-end=\"2373\" \/><h3 data-start=\"2375\" data-end=\"2411\">7. Modifications de la pr\u00e9sente politique en mati\u00e8re de cookies<\/h3><p data-start=\"2412\" data-end=\"2559\">Nous nous r\u00e9servons le droit de mettre \u00e0 jour ou de modifier la pr\u00e9sente politique en mati\u00e8re de cookies \u00e0 tout moment.<br data-start=\"2484\" data-end=\"2487\" \/>Toute modification entrera en vigueur d\u00e8s sa publication sur cette page.<\/p><hr data-start=\"2561\" data-end=\"2564\" \/><h3 data-start=\"2566\" data-end=\"2580\">8. Contact<\/h3><p data-start=\"2581\" data-end=\"2690\">Si vous avez des questions concernant cette politique en mati\u00e8re de cookies, veuillez nous contacter \u00e0 l'adresse suivante :<br data-start=\"2658\" data-end=\"2661\" \/><a class=\"decorated-link cursor-pointer\" rel=\"noopener\" data-start=\"2661\" data-end=\"2690\">support@astrologicaltrade.com<\/a><\/p>\t\t\t\t\t\t\t\t<\/div>\n\t\t\t\t\t<\/div>\n\t\t\t\t<\/div>\n\t\t\t\t<\/div>","protected":false},"excerpt":{"rendered":"<p>\u00a0 Cookie Policy This Cookie Policy explains how we use cookies and similar technologies on our website. By continuing to [&hellip;]<\/p>\n","protected":false},"author":1,"featured_media":0,"parent":0,"menu_order":0,"comment_status":"closed","ping_status":"closed","template":"","meta":{"site-sidebar-layout":"no-sidebar","site-content-layout":"","ast-site-content-layout":"full-width-container","site-content-style":"default","site-sidebar-style":"default","ast-global-header-display":"","ast-banner-title-visibility":"","ast-main-header-display":"","ast-hfb-above-header-display":"","ast-hfb-below-header-display":"","ast-hfb-mobile-header-display":"","site-post-title":"","ast-breadcrumbs-content":"","ast-featured-img":"disabled","footer-sml-layout":"","ast-disable-related-posts":"","theme-transparent-header-meta":"","adv-header-id-meta":"","stick-header-meta":"","header-above-stick-meta":"","header-main-stick-meta":"","header-below-stick-meta":"","astra-migrate-meta-layouts":"default","ast-page-background-enabled":"default","ast-page-background-meta":{"desktop":{"background-color":"var(--ast-global-color-5)","background-image":"","background-repeat":"repeat","background-position":"center center","background-size":"auto","background-attachment":"scroll","background-type":"","background-media":"","overlay-type":"","overlay-color":"","overlay-opacity":"","overlay-gradient":""},"tablet":{"background-color":"","background-image":"","background-repeat":"repeat","background-position":"center center","background-size":"auto","background-attachment":"scroll","background-type":"","background-media":"","overlay-type":"","overlay-color":"","overlay-opacity":"","overlay-gradient":""},"mobile":{"background-color":"","background-image":"","background-repeat":"repeat","background-position":"center center","background-size":"auto","background-attachment":"scroll","background-type":"","background-media":"","overlay-type":"","overlay-color":"","overlay-opacity":"","overlay-gradient":""}},"ast-content-background-meta":{"desktop":{"background-color":"var(--ast-global-color-4)","background-image":"","background-repeat":"repeat","background-position":"center center","background-size":"auto","background-attachment":"scroll","background-type":"","background-media":"","overlay-type":"","overlay-color":"","overlay-opacity":"","overlay-gradient":""},"tablet":{"background-color":"var(--ast-global-color-4)","background-image":"","background-repeat":"repeat","background-position":"center center","background-size":"auto","background-attachment":"scroll","background-type":"","background-media":"","overlay-type":"","overlay-color":"","overlay-opacity":"","overlay-gradient":""},"mobile":{"background-color":"var(--ast-global-color-4)","background-image":"","background-repeat":"repeat","background-position":"center center","background-size":"auto","background-attachment":"scroll","background-type":"","background-media":"","overlay-type":"","overlay-color":"","overlay-opacity":"","overlay-gradient":""}},"footnotes":""},"class_list":["post-2575","page","type-page","status-publish","hentry"],"_links":{"self":[{"href":"https:\/\/www.astrologicaltrade.com\/fr\/wp-json\/wp\/v2\/pages\/2575","targetHints":{"allow":["GET"]}}],"collection":[{"href":"https:\/\/www.astrologicaltrade.com\/fr\/wp-json\/wp\/v2\/pages"}],"about":[{"href":"https:\/\/www.astrologicaltrade.com\/fr\/wp-json\/wp\/v2\/types\/page"}],"author":[{"embeddable":true,"href":"https:\/\/www.astrologicaltrade.com\/fr\/wp-json\/wp\/v2\/users\/1"}],"replies":[{"embeddable":true,"href":"https:\/\/www.astrologicaltrade.com\/fr\/wp-json\/wp\/v2\/comments?post=2575"}],"version-history":[{"count":10,"href":"https:\/\/www.astrologicaltrade.com\/fr\/wp-json\/wp\/v2\/pages\/2575\/revisions"}],"predecessor-version":[{"id":3402,"href":"https:\/\/www.astrologicaltrade.com\/fr\/wp-json\/wp\/v2\/pages\/2575\/revisions\/3402"}],"wp:attachment":[{"href":"https:\/\/www.astrologicaltrade.com\/fr\/wp-json\/wp\/v2\/media?parent=2575"}],"curies":[{"name":"wp","href":"https:\/\/api.w.org\/{rel}","templated":true}]}}