{"id":2573,"date":"2026-01-30T18:37:13","date_gmt":"2026-01-30T18:37:13","guid":{"rendered":"https:\/\/www.astrologicaltrade.com\/?page_id=2573"},"modified":"2026-04-07T18:38:45","modified_gmt":"2026-04-07T18:38:45","slug":"politique-de-confidentialite","status":"publish","type":"page","link":"https:\/\/www.astrologicaltrade.com\/fr\/politique-de-confidentialite\/","title":{"rendered":"Politique de confidentialit\u00e9"},"content":{"rendered":"<div data-elementor-type=\"wp-page\" data-elementor-id=\"2573\" class=\"elementor elementor-2573\" data-elementor-post-type=\"page\">\n\t\t\t\t<div class=\"elementor-element elementor-element-bd09ee5 e-flex e-con-boxed e-con e-parent\" data-id=\"bd09ee5\" data-element_type=\"container\" data-e-type=\"container\" data-settings=\"{&quot;ekit_has_onepagescroll_dot&quot;:&quot;yes&quot;}\">\n\t\t\t\t\t<div class=\"e-con-inner\">\n\t\t\t\t<div class=\"elementor-element elementor-element-5e9082c0 elementor-widget elementor-widget-text-editor\" data-id=\"5e9082c0\" data-element_type=\"widget\" data-e-type=\"widget\" data-settings=\"{&quot;ekit_we_effect_on&quot;:&quot;none&quot;}\" data-widget_type=\"text-editor.default\">\n\t\t\t\t\t\t\t\t\t<h2 class=\"wp-block-heading has-text-align-center\">\u00a0<\/h2><h2 style=\"text-align: center;\" data-start=\"202\" data-end=\"219\"><strong><br \/>Politique de confidentialit\u00e9<\/strong><\/h2><p data-start=\"221\" data-end=\"380\">Votre vie priv\u00e9e est importante pour nous. La pr\u00e9sente politique de confidentialit\u00e9 explique comment nous recueillons, utilisons et prot\u00e9geons vos informations personnelles lorsque vous utilisez notre site web et nos services.<\/p><p data-start=\"382\" data-end=\"464\">En acc\u00e9dant \u00e0 ce site web ou en l'utilisant, vous acceptez les termes de la pr\u00e9sente politique de confidentialit\u00e9.<\/p><hr data-start=\"466\" data-end=\"469\" \/><h3 data-start=\"471\" data-end=\"500\">1. Les informations que nous collectons<\/h3><p data-start=\"501\" data-end=\"551\">Nous pouvons collecter les types d'informations suivants :<\/p><ul data-start=\"553\" data-end=\"969\"><li data-start=\"553\" data-end=\"669\"><p data-start=\"555\" data-end=\"669\">Des informations personnelles telles que le nom, l'adresse \u00e9lectronique et les coordonn\u00e9es lorsque vous vous inscrivez, que vous vous abonnez ou que vous nous contactez.<\/p><\/li><li data-start=\"670\" data-end=\"799\"><p data-start=\"672\" data-end=\"799\">Les informations relatives au paiement sont trait\u00e9es de mani\u00e8re s\u00e9curis\u00e9e par des fournisseurs de paiement tiers (nous ne conservons pas les donn\u00e9es relatives aux cartes ou aux op\u00e9rations bancaires).<\/p><\/li><li data-start=\"800\" data-end=\"886\"><p data-start=\"802\" data-end=\"886\">Donn\u00e9es techniques telles que l'adresse IP, le type de navigateur, les informations sur l'appareil et les donn\u00e9es d'utilisation.<\/p><\/li><li data-start=\"887\" data-end=\"969\"><p data-start=\"889\" data-end=\"969\">Donn\u00e9es de communication lorsque vous nous contactez par courrier \u00e9lectronique, formulaires ou plates-formes de messagerie.<\/p><\/li><\/ul><hr data-start=\"971\" data-end=\"974\" \/><h3 data-start=\"976\" data-end=\"1010\">2. Comment nous utilisons vos informations<\/h3><p data-start=\"1011\" data-end=\"1047\">Nous utilisons les informations collect\u00e9es pour :<\/p><ul data-start=\"1049\" data-end=\"1359\"><li data-start=\"1049\" data-end=\"1111\"><p data-start=\"1051\" data-end=\"1111\">Fournir et g\u00e9rer l'acc\u00e8s \u00e0 nos services et abonnements.<\/p><\/li><li data-start=\"1112\" data-end=\"1188\"><p data-start=\"1114\" data-end=\"1188\">Communiquer avec vous au sujet de votre compte, des mises \u00e0 jour ou des demandes d'assistance.<\/p><\/li><li data-start=\"1189\" data-end=\"1242\"><p data-start=\"1191\" data-end=\"1242\">Am\u00e9liorer notre site web, nos services et l'exp\u00e9rience des utilisateurs.<\/p><\/li><li data-start=\"1243\" data-end=\"1290\"><p data-start=\"1245\" data-end=\"1290\">Envoyer des notifications importantes li\u00e9es au service.<\/p><\/li><li data-start=\"1291\" data-end=\"1359\"><p data-start=\"1293\" data-end=\"1359\">Assurer la s\u00e9curit\u00e9, pr\u00e9venir la fraude et se conformer aux obligations l\u00e9gales.<\/p><\/li><\/ul><p data-start=\"1361\" data-end=\"1420\">Nous ne vendons ni ne louons vos donn\u00e9es personnelles \u00e0 des tiers.<\/p><hr data-start=\"1422\" data-end=\"1425\" \/><h3 data-start=\"1427\" data-end=\"1465\">3. Cookies et technologies de suivi<\/h3><p data-start=\"1466\" data-end=\"1513\">Nous pouvons utiliser des cookies et des technologies similaires pour<\/p><ul data-start=\"1515\" data-end=\"1629\"><li data-start=\"1515\" data-end=\"1563\"><p data-start=\"1517\" data-end=\"1563\">Am\u00e9liorer la fonctionnalit\u00e9 et les performances du site web.<\/p><\/li><li data-start=\"1564\" data-end=\"1600\"><p data-start=\"1566\" data-end=\"1600\">Analyser le trafic et le comportement des utilisateurs.<\/p><\/li><li data-start=\"1601\" data-end=\"1629\"><p data-start=\"1603\" data-end=\"1629\">M\u00e9moriser les pr\u00e9f\u00e9rences de l'utilisateur.<\/p><\/li><\/ul><p data-start=\"1631\" data-end=\"1745\">Vous pouvez d\u00e9sactiver les cookies par le biais des param\u00e8tres de votre navigateur, mais certaines fonctionnalit\u00e9s du site web risquent de ne pas fonctionner correctement.<\/p><hr data-start=\"1747\" data-end=\"1750\" \/><h3 data-start=\"1752\" data-end=\"1779\">4. Services de tiers<\/h3><p data-start=\"1780\" data-end=\"1828\">Nous pouvons utiliser des services de tiers de confiance tels que :<\/p><ul data-start=\"1830\" data-end=\"1944\"><li data-start=\"1830\" data-end=\"1852\"><p data-start=\"1832\" data-end=\"1852\">Processeurs de paiement<\/p><\/li><li data-start=\"1853\" data-end=\"1872\"><p data-start=\"1855\" data-end=\"1872\">Outils d'analyse<\/p><\/li><li data-start=\"1873\" data-end=\"1904\"><p data-start=\"1875\" data-end=\"1904\">Services de courrier \u00e9lectronique ou de messagerie<\/p><\/li><li data-start=\"1905\" data-end=\"1944\"><p data-start=\"1907\" data-end=\"1944\">Courtiers partenaires (via des liens d'affiliation)<\/p><\/li><\/ul><p data-start=\"1946\" data-end=\"2046\">Ces tiers ont leur propre politique de confidentialit\u00e9 et nous ne sommes pas responsables de leurs pratiques.<\/p><hr data-start=\"2048\" data-end=\"2051\" \/><h3 data-start=\"2053\" data-end=\"2086\">5. Protection des donn\u00e9es et s\u00e9curit\u00e9<\/h3><p data-start=\"2087\" data-end=\"2214\">Nous mettons en \u0153uvre des mesures de s\u00e9curit\u00e9 raisonnables pour prot\u00e9ger vos informations personnelles contre tout acc\u00e8s non autoris\u00e9, toute modification ou toute utilisation abusive.<\/p><p data-start=\"2216\" data-end=\"2300\">Cependant, aucun syst\u00e8me en ligne n'est 100% s\u00fbr et nous ne pouvons pas garantir une s\u00e9curit\u00e9 absolue.<\/p><hr data-start=\"2302\" data-end=\"2305\" \/><h3 data-start=\"2307\" data-end=\"2328\">6. Conservation des donn\u00e9es<\/h3><p data-start=\"2329\" data-end=\"2393\">Nous ne conservons les informations personnelles que le temps n\u00e9cessaire pour :<\/p><ul data-start=\"2395\" data-end=\"2498\"><li data-start=\"2395\" data-end=\"2419\"><p data-start=\"2397\" data-end=\"2419\">Fournir nos services<\/p><\/li><li data-start=\"2420\" data-end=\"2454\"><p data-start=\"2422\" data-end=\"2454\">Respecter les exigences l\u00e9gales<\/p><\/li><li data-start=\"2455\" data-end=\"2498\"><p data-start=\"2457\" data-end=\"2498\">R\u00e9soudre les litiges et faire respecter les accords<\/p><\/li><\/ul><p data-start=\"2500\" data-end=\"2568\">Lorsque les donn\u00e9es ne sont plus n\u00e9cessaires, elles sont supprim\u00e9es en toute s\u00e9curit\u00e9 ou rendues anonymes.<\/p><hr data-start=\"2570\" data-end=\"2573\" \/><h3 data-start=\"2575\" data-end=\"2593\">7. Vos droits<\/h3><p data-start=\"2594\" data-end=\"2648\">Selon l'endroit o\u00f9 vous vous trouvez, vous pouvez avoir le droit de.. :<\/p><ul data-start=\"2650\" data-end=\"2760\"><li data-start=\"2650\" data-end=\"2679\"><p data-start=\"2652\" data-end=\"2679\">Acc\u00e9der \u00e0 vos donn\u00e9es personnelles<\/p><\/li><li data-start=\"2680\" data-end=\"2727\"><p data-start=\"2682\" data-end=\"2727\">Demander la correction ou la suppression de vos donn\u00e9es<\/p><\/li><li data-start=\"2728\" data-end=\"2760\"><p data-start=\"2730\" data-end=\"2760\">Retirer son consentement \u00e0 tout moment<\/p><\/li><\/ul><p data-start=\"2762\" data-end=\"2806\">Pour exercer ces droits, veuillez nous contacter.<\/p><hr data-start=\"2808\" data-end=\"2811\" \/><h3 data-start=\"2813\" data-end=\"2838\">8. Vie priv\u00e9e des enfants<\/h3><p data-start=\"2839\" data-end=\"2969\">Nos services ne sont pas destin\u00e9s aux personnes de moins de 18 ans.<br data-start=\"2905\" data-end=\"2908\" \/>Nous ne collectons pas sciemment d'informations personnelles aupr\u00e8s de mineurs.<\/p><hr data-start=\"2971\" data-end=\"2974\" \/><h3 data-start=\"2976\" data-end=\"3007\">9. Liens d'affiliation et de courtage<\/h3><p data-start=\"3008\" data-end=\"3192\">Notre site web peut contenir des liens d'affiliation vers des courtiers ou des services partenaires.<br data-start=\"3079\" data-end=\"3082\" \/>Le fait de cliquer sur ces liens peut permettre \u00e0 des tiers de collecter des donn\u00e9es conform\u00e9ment \u00e0 leur propre politique de confidentialit\u00e9.<\/p><hr data-start=\"3194\" data-end=\"3197\" \/><h3 data-start=\"3199\" data-end=\"3237\">10. Modifications de la pr\u00e9sente politique de protection de la vie priv\u00e9e<\/h3><p data-start=\"3238\" data-end=\"3382\">Nous nous r\u00e9servons le droit de mettre \u00e0 jour ou de modifier la pr\u00e9sente politique de confidentialit\u00e9 \u00e0 tout moment.<br data-start=\"3311\" data-end=\"3314\" \/>Toute modification entrera en vigueur d\u00e8s sa publication sur cette page.<\/p><p data-start=\"3384\" data-end=\"3449\">En continuant \u00e0 utiliser le site web, vous acceptez la politique mise \u00e0 jour.<\/p><hr data-start=\"3451\" data-end=\"3454\" \/><h3 data-start=\"3456\" data-end=\"3483\">11. Informations sur les contacts<\/h3><p data-start=\"3484\" data-end=\"3606\">Si vous avez des questions ou des pr\u00e9occupations concernant la pr\u00e9sente politique de confidentialit\u00e9, veuillez nous contacter \u00e0 l'adresse suivante<br data-start=\"3574\" data-end=\"3577\" \/><a class=\"decorated-link cursor-pointer\" rel=\"noopener\" data-start=\"3577\" data-end=\"3606\">support@astrologicaltrade.com<\/a><\/p>\t\t\t\t\t\t\t\t<\/div>\n\t\t\t\t\t<\/div>\n\t\t\t\t<\/div>\n\t\t\t\t<\/div>","protected":false},"excerpt":{"rendered":"<p>\u00a0 Privacy Policy Your privacy is important to us. This Privacy Policy explains how we collect, use, and protect your [&hellip;]<\/p>\n","protected":false},"author":1,"featured_media":0,"parent":0,"menu_order":0,"comment_status":"closed","ping_status":"closed","template":"","meta":{"site-sidebar-layout":"default","site-content-layout":"","ast-site-content-layout":"default","site-content-style":"default","site-sidebar-style":"default","ast-global-header-display":"","ast-banner-title-visibility":"","ast-main-header-display":"","ast-hfb-above-header-display":"","ast-hfb-below-header-display":"","ast-hfb-mobile-header-display":"","site-post-title":"","ast-breadcrumbs-content":"","ast-featured-img":"","footer-sml-layout":"","ast-disable-related-posts":"","theme-transparent-header-meta":"","adv-header-id-meta":"","stick-header-meta":"","header-above-stick-meta":"","header-main-stick-meta":"","header-below-stick-meta":"","astra-migrate-meta-layouts":"default","ast-page-background-enabled":"default","ast-page-background-meta":{"desktop":{"background-color":"var(--ast-global-color-5)","background-image":"","background-repeat":"repeat","background-position":"center center","background-size":"auto","background-attachment":"scroll","background-type":"","background-media":"","overlay-type":"","overlay-color":"","overlay-opacity":"","overlay-gradient":""},"tablet":{"background-color":"","background-image":"","background-repeat":"repeat","background-position":"center center","background-size":"auto","background-attachment":"scroll","background-type":"","background-media":"","overlay-type":"","overlay-color":"","overlay-opacity":"","overlay-gradient":""},"mobile":{"background-color":"","background-image":"","background-repeat":"repeat","background-position":"center center","background-size":"auto","background-attachment":"scroll","background-type":"","background-media":"","overlay-type":"","overlay-color":"","overlay-opacity":"","overlay-gradient":""}},"ast-content-background-meta":{"desktop":{"background-color":"var(--ast-global-color-4)","background-image":"","background-repeat":"repeat","background-position":"center center","background-size":"auto","background-attachment":"scroll","background-type":"","background-media":"","overlay-type":"","overlay-color":"","overlay-opacity":"","overlay-gradient":""},"tablet":{"background-color":"var(--ast-global-color-4)","background-image":"","background-repeat":"repeat","background-position":"center center","background-size":"auto","background-attachment":"scroll","background-type":"","background-media":"","overlay-type":"","overlay-color":"","overlay-opacity":"","overlay-gradient":""},"mobile":{"background-color":"var(--ast-global-color-4)","background-image":"","background-repeat":"repeat","background-position":"center center","background-size":"auto","background-attachment":"scroll","background-type":"","background-media":"","overlay-type":"","overlay-color":"","overlay-opacity":"","overlay-gradient":""}},"footnotes":""},"class_list":["post-2573","page","type-page","status-publish","hentry"],"_links":{"self":[{"href":"https:\/\/www.astrologicaltrade.com\/fr\/wp-json\/wp\/v2\/pages\/2573","targetHints":{"allow":["GET"]}}],"collection":[{"href":"https:\/\/www.astrologicaltrade.com\/fr\/wp-json\/wp\/v2\/pages"}],"about":[{"href":"https:\/\/www.astrologicaltrade.com\/fr\/wp-json\/wp\/v2\/types\/page"}],"author":[{"embeddable":true,"href":"https:\/\/www.astrologicaltrade.com\/fr\/wp-json\/wp\/v2\/users\/1"}],"replies":[{"embeddable":true,"href":"https:\/\/www.astrologicaltrade.com\/fr\/wp-json\/wp\/v2\/comments?post=2573"}],"version-history":[{"count":34,"href":"https:\/\/www.astrologicaltrade.com\/fr\/wp-json\/wp\/v2\/pages\/2573\/revisions"}],"predecessor-version":[{"id":3399,"href":"https:\/\/www.astrologicaltrade.com\/fr\/wp-json\/wp\/v2\/pages\/2573\/revisions\/3399"}],"wp:attachment":[{"href":"https:\/\/www.astrologicaltrade.com\/fr\/wp-json\/wp\/v2\/media?parent=2573"}],"curies":[{"name":"wp","href":"https:\/\/api.w.org\/{rel}","templated":true}]}}